{"id":788,"date":"2019-08-12T20:48:15","date_gmt":"2019-08-12T20:48:15","guid":{"rendered":"https:\/\/eaudesuisse.ch\/?page_id=788"},"modified":"2025-12-08T21:31:38","modified_gmt":"2025-12-08T21:31:38","slug":"ausstellungen","status":"publish","type":"page","link":"https:\/\/eaudesuisse.ch\/?page_id=788","title":{"rendered":"Ausstellungen"},"content":{"rendered":"<div class=\"wpb-content-wrapper\"><p>[vc_row][vc_column][vc_column_text css=&#8220;&#8220;]<\/p>\n<h2 class=\"wp-block-heading\" style=\"text-align: left;\">Ausstellungen (Expositions)<\/h2>\n<h3 data-path-to-node=\"4\">Ausstellungen: Von der Linse zur \u00d6ffentlichkeit<\/h3>\n<p data-path-to-node=\"5\">Das Fotografieren ist ein kreativer Prozess, doch die Kr\u00f6nung ist es, die entstandenen Werke auf Papier zu bringen und der \u00d6ffentlichkeit zu pr\u00e4sentieren. Aus dieser Motivation heraus reifte der Entschluss, die Arbeiten erstmals im Jahr 2016 im Rahmen der Ausstellung Art-thur vorzustellen.<\/p>\n<p data-path-to-node=\"6\">Die <a href=\"http:\/\/www.art-thur.ch\/\" target=\"_blank\" rel=\"noreferrer noopener\"><em><strong>Art-thur<\/strong><\/em><\/a>\u00a0, eine renommierte Ausstellung f\u00fcr Kunstschaffende, bot den passenden Rahmen f\u00fcr das Deb\u00fct. Nach dieser erfolgreichen Premiere folgte eine erneute Teilnahme an der Art-Thur im Jahre 2019. Die \u00f6ffentliche Pr\u00e4senz setzte sich im Jahre 2020 mit einer weiteren Ausstellung in der <strong><em><a href=\"http:\/\/www.baliere-frauenfeld.ch\" target=\"_blank\" rel=\"noreferrer noopener\">Baliere<\/a><\/em><\/strong> <b>\u00a0in Frauenfeld<\/b> fort, welche unter dem Thema: \u201eThe Colors of Money\u201c stand.<\/p>\n<p data-path-to-node=\"7\">Die Teilnahme an diesen Ausstellungen unterstreicht die Verpflichtung, die fotografischen Werke aktiv in den Dialog mit der Kunstszene und den Betrachtern zu bringen.<\/p>\n<p>[\/vc_column_text][\/vc_column][\/vc_row]<\/p>\n<\/div>","protected":false},"excerpt":{"rendered":"<p>[vc_row][vc_column][vc_column_text css=&#8220;&#8220;] Ausstellungen (Expositions) Ausstellungen: Von der Linse zur \u00d6ffentlichkeit Das Fotografieren ist ein kreativer Prozess, doch die Kr\u00f6nung ist es, die entstandenen Werke auf Papier zu bringen und der \u00d6ffentlichkeit zu pr\u00e4sentieren. Aus dieser Motivation heraus reifte der Entschluss, die Arbeiten erstmals im Jahr 2016 im Rahmen der Ausstellung Art-thur vorzustellen. Die Art-thur\u00a0, eine [&hellip;]<\/p>\n","protected":false},"author":1,"featured_media":0,"parent":0,"menu_order":0,"comment_status":"closed","ping_status":"closed","template":"template-gallery.php","meta":{"footnotes":""},"class_list":["post-788","page","type-page","status-publish","hentry"],"yoast_head":"<!-- This site is optimized with the Yoast SEO plugin v26.6 - https:\/\/yoast.com\/wordpress\/plugins\/seo\/ -->\n<title>Ausstellungen - Cello&#039;s Bilderwelten<\/title>\n<meta name=\"robots\" content=\"index, follow, max-snippet:-1, max-image-preview:large, max-video-preview:-1\" \/>\n<link rel=\"canonical\" href=\"https:\/\/eaudesuisse.ch\/?page_id=788\" \/>\n<meta property=\"og:locale\" content=\"de_DE\" \/>\n<meta property=\"og:type\" content=\"article\" \/>\n<meta property=\"og:title\" content=\"Ausstellungen - Cello&#039;s Bilderwelten\" \/>\n<meta property=\"og:description\" content=\"[vc_row][vc_column][vc_column_text css=&#8220;&#8220;] Ausstellungen (Expositions) Ausstellungen: Von der Linse zur \u00d6ffentlichkeit Das Fotografieren ist ein kreativer Prozess, doch die Kr\u00f6nung ist es, die entstandenen Werke auf Papier zu bringen und der \u00d6ffentlichkeit zu pr\u00e4sentieren. Aus dieser Motivation heraus reifte der Entschluss, die Arbeiten erstmals im Jahr 2016 im Rahmen der Ausstellung Art-thur vorzustellen. Die Art-thur\u00a0, eine [&hellip;]\" \/>\n<meta property=\"og:url\" content=\"https:\/\/eaudesuisse.ch\/?page_id=788\" \/>\n<meta property=\"og:site_name\" content=\"Cello&#039;s Bilderwelten\" \/>\n<meta property=\"article:modified_time\" content=\"2025-12-08T21:31:38+00:00\" \/>\n<meta name=\"twitter:card\" content=\"summary_large_image\" \/>\n<meta name=\"twitter:label1\" content=\"Gesch\u00e4tzte Lesezeit\" \/>\n\t<meta name=\"twitter:data1\" content=\"1\u00a0Minute\" \/>\n<script type=\"application\/ld+json\" class=\"yoast-schema-graph\">{\"@context\":\"https:\/\/schema.org\",\"@graph\":[{\"@type\":\"WebPage\",\"@id\":\"https:\/\/eaudesuisse.ch\/?page_id=788\",\"url\":\"https:\/\/eaudesuisse.ch\/?page_id=788\",\"name\":\"Ausstellungen - Cello&#039;s Bilderwelten\",\"isPartOf\":{\"@id\":\"https:\/\/eaudesuisse.ch\/#website\"},\"datePublished\":\"2019-08-12T20:48:15+00:00\",\"dateModified\":\"2025-12-08T21:31:38+00:00\",\"breadcrumb\":{\"@id\":\"https:\/\/eaudesuisse.ch\/?page_id=788#breadcrumb\"},\"inLanguage\":\"de\",\"potentialAction\":[{\"@type\":\"ReadAction\",\"target\":[\"https:\/\/eaudesuisse.ch\/?page_id=788\"]}]},{\"@type\":\"BreadcrumbList\",\"@id\":\"https:\/\/eaudesuisse.ch\/?page_id=788#breadcrumb\",\"itemListElement\":[{\"@type\":\"ListItem\",\"position\":1,\"name\":\"Startseite\",\"item\":\"https:\/\/eaudesuisse.ch\/\"},{\"@type\":\"ListItem\",\"position\":2,\"name\":\"Ausstellungen\"}]},{\"@type\":\"WebSite\",\"@id\":\"https:\/\/eaudesuisse.ch\/#website\",\"url\":\"https:\/\/eaudesuisse.ch\/\",\"name\":\"Cello's Bilderwelten\",\"description\":\"FotoKunst\",\"potentialAction\":[{\"@type\":\"SearchAction\",\"target\":{\"@type\":\"EntryPoint\",\"urlTemplate\":\"https:\/\/eaudesuisse.ch\/?s={search_term_string}\"},\"query-input\":{\"@type\":\"PropertyValueSpecification\",\"valueRequired\":true,\"valueName\":\"search_term_string\"}}],\"inLanguage\":\"de\"}]}<\/script>\n<!-- \/ Yoast SEO plugin. -->","yoast_head_json":{"title":"Ausstellungen - Cello&#039;s Bilderwelten","robots":{"index":"index","follow":"follow","max-snippet":"max-snippet:-1","max-image-preview":"max-image-preview:large","max-video-preview":"max-video-preview:-1"},"canonical":"https:\/\/eaudesuisse.ch\/?page_id=788","og_locale":"de_DE","og_type":"article","og_title":"Ausstellungen - Cello&#039;s Bilderwelten","og_description":"[vc_row][vc_column][vc_column_text css=&#8220;&#8220;] Ausstellungen (Expositions) Ausstellungen: Von der Linse zur \u00d6ffentlichkeit Das Fotografieren ist ein kreativer Prozess, doch die Kr\u00f6nung ist es, die entstandenen Werke auf Papier zu bringen und der \u00d6ffentlichkeit zu pr\u00e4sentieren. Aus dieser Motivation heraus reifte der Entschluss, die Arbeiten erstmals im Jahr 2016 im Rahmen der Ausstellung Art-thur vorzustellen. Die Art-thur\u00a0, eine [&hellip;]","og_url":"https:\/\/eaudesuisse.ch\/?page_id=788","og_site_name":"Cello&#039;s Bilderwelten","article_modified_time":"2025-12-08T21:31:38+00:00","twitter_card":"summary_large_image","twitter_misc":{"Gesch\u00e4tzte Lesezeit":"1\u00a0Minute"},"schema":{"@context":"https:\/\/schema.org","@graph":[{"@type":"WebPage","@id":"https:\/\/eaudesuisse.ch\/?page_id=788","url":"https:\/\/eaudesuisse.ch\/?page_id=788","name":"Ausstellungen - Cello&#039;s Bilderwelten","isPartOf":{"@id":"https:\/\/eaudesuisse.ch\/#website"},"datePublished":"2019-08-12T20:48:15+00:00","dateModified":"2025-12-08T21:31:38+00:00","breadcrumb":{"@id":"https:\/\/eaudesuisse.ch\/?page_id=788#breadcrumb"},"inLanguage":"de","potentialAction":[{"@type":"ReadAction","target":["https:\/\/eaudesuisse.ch\/?page_id=788"]}]},{"@type":"BreadcrumbList","@id":"https:\/\/eaudesuisse.ch\/?page_id=788#breadcrumb","itemListElement":[{"@type":"ListItem","position":1,"name":"Startseite","item":"https:\/\/eaudesuisse.ch\/"},{"@type":"ListItem","position":2,"name":"Ausstellungen"}]},{"@type":"WebSite","@id":"https:\/\/eaudesuisse.ch\/#website","url":"https:\/\/eaudesuisse.ch\/","name":"Cello's Bilderwelten","description":"FotoKunst","potentialAction":[{"@type":"SearchAction","target":{"@type":"EntryPoint","urlTemplate":"https:\/\/eaudesuisse.ch\/?s={search_term_string}"},"query-input":{"@type":"PropertyValueSpecification","valueRequired":true,"valueName":"search_term_string"}}],"inLanguage":"de"}]}},"_links":{"self":[{"href":"https:\/\/eaudesuisse.ch\/index.php?rest_route=\/wp\/v2\/pages\/788","targetHints":{"allow":["GET"]}}],"collection":[{"href":"https:\/\/eaudesuisse.ch\/index.php?rest_route=\/wp\/v2\/pages"}],"about":[{"href":"https:\/\/eaudesuisse.ch\/index.php?rest_route=\/wp\/v2\/types\/page"}],"author":[{"embeddable":true,"href":"https:\/\/eaudesuisse.ch\/index.php?rest_route=\/wp\/v2\/users\/1"}],"replies":[{"embeddable":true,"href":"https:\/\/eaudesuisse.ch\/index.php?rest_route=%2Fwp%2Fv2%2Fcomments&post=788"}],"version-history":[{"count":26,"href":"https:\/\/eaudesuisse.ch\/index.php?rest_route=\/wp\/v2\/pages\/788\/revisions"}],"predecessor-version":[{"id":2496,"href":"https:\/\/eaudesuisse.ch\/index.php?rest_route=\/wp\/v2\/pages\/788\/revisions\/2496"}],"wp:attachment":[{"href":"https:\/\/eaudesuisse.ch\/index.php?rest_route=%2Fwp%2Fv2%2Fmedia&parent=788"}],"curies":[{"name":"wp","href":"https:\/\/api.w.org\/{rel}","templated":true}]}}