{"id":2236,"date":"2020-09-07T22:06:04","date_gmt":"2020-09-07T22:06:04","guid":{"rendered":"https:\/\/eaudesuisse.ch\/?page_id=2236"},"modified":"2025-12-08T21:34:42","modified_gmt":"2025-12-08T21:34:42","slug":"grafische-arbeiten","status":"publish","type":"page","link":"https:\/\/eaudesuisse.ch\/?page_id=2236","title":{"rendered":"Grafische Arbeiten"},"content":{"rendered":"<div class=\"wpb-content-wrapper\"><p>[vc_row][vc_column][vc_column_text css=&#8220;&#8220;]<\/p>\n<h2>Grafische Arbeiten (Grafic works)<\/h2>\n<h3>Mein Fundament: Wissen aus der Praxis<\/h3>\n<p data-path-to-node=\"4\">Bevor sich die kreative Arbeit und die Fotografie in den Vordergrund schoben, war ich fr\u00fcher als Werbeassistent, Grafiker und Desktop Publisher t\u00e4tig.<\/p>\n<p data-path-to-node=\"5\">Zu den Aufgaben in dieser Zeit geh\u00f6rten die Erstellung einer Hauszeitung, der Satz, digitale Fotografie, Bildbearbeitung sowie das Korrekturlesen und die Korrespondenz in verschiedenen Sprachen. Anschlie\u00dfend wurden die Daten druckfertig aufbereitet und in die Produktion \u00fcbergeben.<\/p>\n<p data-path-to-node=\"6\">Dabei konnte ich mir wichtiges Wissen in Programmen wie Adobe Photoshop, Page Maker und Indesign aneignen. Dieses Know-how erm\u00f6glicht es mir, auch heute noch Inserate, Men\u00fckarten, Visitenkarten und \u00c4hnliches selbst zu gestalten. Hier finden Sie \u00e4ltere und aktuellere Beispiele dieser Arbeiten.<\/p>\n\n<p>&nbsp;<\/p>\n<p>[\/vc_column_text][\/vc_column][\/vc_row]<\/p>\n<\/div>","protected":false},"excerpt":{"rendered":"<p>[vc_row][vc_column][vc_column_text css=&#8220;&#8220;] Grafische Arbeiten (Grafic works) Mein Fundament: Wissen aus der Praxis Bevor sich die kreative Arbeit und die Fotografie in den Vordergrund schoben, war ich fr\u00fcher als Werbeassistent, Grafiker und Desktop Publisher t\u00e4tig. Zu den Aufgaben in dieser Zeit geh\u00f6rten die Erstellung einer Hauszeitung, der Satz, digitale Fotografie, Bildbearbeitung sowie das Korrekturlesen und die [&hellip;]<\/p>\n","protected":false},"author":1,"featured_media":0,"parent":0,"menu_order":0,"comment_status":"closed","ping_status":"closed","template":"template-gallery.php","meta":{"footnotes":""},"class_list":["post-2236","page","type-page","status-publish","hentry"],"yoast_head":"<!-- This site is optimized with the Yoast SEO plugin v26.6 - https:\/\/yoast.com\/wordpress\/plugins\/seo\/ -->\n<title>Grafische Arbeiten - Cello&#039;s Bilderwelten<\/title>\n<meta name=\"description\" content=\"In meiner Berufslaufbahn habe ich durch verschiedene Programme erlernt, Bilder zu bearbeiten und druckfertig aufzuarbeiten.\" \/>\n<meta name=\"robots\" content=\"index, follow, max-snippet:-1, max-image-preview:large, max-video-preview:-1\" \/>\n<link rel=\"canonical\" href=\"https:\/\/eaudesuisse.ch\/?page_id=2236\" \/>\n<meta property=\"og:locale\" content=\"de_DE\" \/>\n<meta property=\"og:type\" content=\"article\" \/>\n<meta property=\"og:title\" content=\"Grafische Arbeiten - Cello&#039;s Bilderwelten\" \/>\n<meta property=\"og:description\" content=\"In meiner Berufslaufbahn habe ich durch verschiedene Programme erlernt, Bilder zu bearbeiten und druckfertig aufzuarbeiten.\" \/>\n<meta property=\"og:url\" content=\"https:\/\/eaudesuisse.ch\/?page_id=2236\" \/>\n<meta property=\"og:site_name\" content=\"Cello&#039;s Bilderwelten\" \/>\n<meta property=\"article:modified_time\" content=\"2025-12-08T21:34:42+00:00\" \/>\n<meta name=\"twitter:card\" content=\"summary_large_image\" \/>\n<meta name=\"twitter:label1\" content=\"Gesch\u00e4tzte Lesezeit\" \/>\n\t<meta name=\"twitter:data1\" content=\"1\u00a0Minute\" \/>\n<script type=\"application\/ld+json\" class=\"yoast-schema-graph\">{\"@context\":\"https:\/\/schema.org\",\"@graph\":[{\"@type\":\"WebPage\",\"@id\":\"https:\/\/eaudesuisse.ch\/?page_id=2236\",\"url\":\"https:\/\/eaudesuisse.ch\/?page_id=2236\",\"name\":\"Grafische Arbeiten - Cello&#039;s Bilderwelten\",\"isPartOf\":{\"@id\":\"https:\/\/eaudesuisse.ch\/#website\"},\"datePublished\":\"2020-09-07T22:06:04+00:00\",\"dateModified\":\"2025-12-08T21:34:42+00:00\",\"description\":\"In meiner Berufslaufbahn habe ich durch verschiedene Programme erlernt, Bilder zu bearbeiten und druckfertig aufzuarbeiten.\",\"breadcrumb\":{\"@id\":\"https:\/\/eaudesuisse.ch\/?page_id=2236#breadcrumb\"},\"inLanguage\":\"de\",\"potentialAction\":[{\"@type\":\"ReadAction\",\"target\":[\"https:\/\/eaudesuisse.ch\/?page_id=2236\"]}]},{\"@type\":\"BreadcrumbList\",\"@id\":\"https:\/\/eaudesuisse.ch\/?page_id=2236#breadcrumb\",\"itemListElement\":[{\"@type\":\"ListItem\",\"position\":1,\"name\":\"Startseite\",\"item\":\"https:\/\/eaudesuisse.ch\/\"},{\"@type\":\"ListItem\",\"position\":2,\"name\":\"Grafische Arbeiten\"}]},{\"@type\":\"WebSite\",\"@id\":\"https:\/\/eaudesuisse.ch\/#website\",\"url\":\"https:\/\/eaudesuisse.ch\/\",\"name\":\"Cello's Bilderwelten\",\"description\":\"FotoKunst\",\"potentialAction\":[{\"@type\":\"SearchAction\",\"target\":{\"@type\":\"EntryPoint\",\"urlTemplate\":\"https:\/\/eaudesuisse.ch\/?s={search_term_string}\"},\"query-input\":{\"@type\":\"PropertyValueSpecification\",\"valueRequired\":true,\"valueName\":\"search_term_string\"}}],\"inLanguage\":\"de\"}]}<\/script>\n<!-- \/ Yoast SEO plugin. -->","yoast_head_json":{"title":"Grafische Arbeiten - Cello&#039;s Bilderwelten","description":"In meiner Berufslaufbahn habe ich durch verschiedene Programme erlernt, Bilder zu bearbeiten und druckfertig aufzuarbeiten.","robots":{"index":"index","follow":"follow","max-snippet":"max-snippet:-1","max-image-preview":"max-image-preview:large","max-video-preview":"max-video-preview:-1"},"canonical":"https:\/\/eaudesuisse.ch\/?page_id=2236","og_locale":"de_DE","og_type":"article","og_title":"Grafische Arbeiten - Cello&#039;s Bilderwelten","og_description":"In meiner Berufslaufbahn habe ich durch verschiedene Programme erlernt, Bilder zu bearbeiten und druckfertig aufzuarbeiten.","og_url":"https:\/\/eaudesuisse.ch\/?page_id=2236","og_site_name":"Cello&#039;s Bilderwelten","article_modified_time":"2025-12-08T21:34:42+00:00","twitter_card":"summary_large_image","twitter_misc":{"Gesch\u00e4tzte Lesezeit":"1\u00a0Minute"},"schema":{"@context":"https:\/\/schema.org","@graph":[{"@type":"WebPage","@id":"https:\/\/eaudesuisse.ch\/?page_id=2236","url":"https:\/\/eaudesuisse.ch\/?page_id=2236","name":"Grafische Arbeiten - Cello&#039;s Bilderwelten","isPartOf":{"@id":"https:\/\/eaudesuisse.ch\/#website"},"datePublished":"2020-09-07T22:06:04+00:00","dateModified":"2025-12-08T21:34:42+00:00","description":"In meiner Berufslaufbahn habe ich durch verschiedene Programme erlernt, Bilder zu bearbeiten und druckfertig aufzuarbeiten.","breadcrumb":{"@id":"https:\/\/eaudesuisse.ch\/?page_id=2236#breadcrumb"},"inLanguage":"de","potentialAction":[{"@type":"ReadAction","target":["https:\/\/eaudesuisse.ch\/?page_id=2236"]}]},{"@type":"BreadcrumbList","@id":"https:\/\/eaudesuisse.ch\/?page_id=2236#breadcrumb","itemListElement":[{"@type":"ListItem","position":1,"name":"Startseite","item":"https:\/\/eaudesuisse.ch\/"},{"@type":"ListItem","position":2,"name":"Grafische Arbeiten"}]},{"@type":"WebSite","@id":"https:\/\/eaudesuisse.ch\/#website","url":"https:\/\/eaudesuisse.ch\/","name":"Cello's Bilderwelten","description":"FotoKunst","potentialAction":[{"@type":"SearchAction","target":{"@type":"EntryPoint","urlTemplate":"https:\/\/eaudesuisse.ch\/?s={search_term_string}"},"query-input":{"@type":"PropertyValueSpecification","valueRequired":true,"valueName":"search_term_string"}}],"inLanguage":"de"}]}},"_links":{"self":[{"href":"https:\/\/eaudesuisse.ch\/index.php?rest_route=\/wp\/v2\/pages\/2236","targetHints":{"allow":["GET"]}}],"collection":[{"href":"https:\/\/eaudesuisse.ch\/index.php?rest_route=\/wp\/v2\/pages"}],"about":[{"href":"https:\/\/eaudesuisse.ch\/index.php?rest_route=\/wp\/v2\/types\/page"}],"author":[{"embeddable":true,"href":"https:\/\/eaudesuisse.ch\/index.php?rest_route=\/wp\/v2\/users\/1"}],"replies":[{"embeddable":true,"href":"https:\/\/eaudesuisse.ch\/index.php?rest_route=%2Fwp%2Fv2%2Fcomments&post=2236"}],"version-history":[{"count":12,"href":"https:\/\/eaudesuisse.ch\/index.php?rest_route=\/wp\/v2\/pages\/2236\/revisions"}],"predecessor-version":[{"id":2497,"href":"https:\/\/eaudesuisse.ch\/index.php?rest_route=\/wp\/v2\/pages\/2236\/revisions\/2497"}],"wp:attachment":[{"href":"https:\/\/eaudesuisse.ch\/index.php?rest_route=%2Fwp%2Fv2%2Fmedia&parent=2236"}],"curies":[{"name":"wp","href":"https:\/\/api.w.org\/{rel}","templated":true}]}}