{"id":204,"date":"2015-07-14T12:01:58","date_gmt":"2015-07-14T12:01:58","guid":{"rendered":"http:\/\/temp\/?page_id=204"},"modified":"2025-12-08T21:52:16","modified_gmt":"2025-12-08T21:52:16","slug":"ueber-mich","status":"publish","type":"page","link":"https:\/\/eaudesuisse.ch\/?page_id=204","title":{"rendered":"\u00dcber mich"},"content":{"rendered":"<div class=\"wpb-content-wrapper\"><p>[vc_row][vc_column][vc_column_text css=&#8220;&#8220;]<\/p>\n<h2 data-path-to-node=\"4\">Die Leidenschaft f\u00fcr die Fotografie: Eine Geschichte meiner Kameras<\/h2>\n<p data-path-to-node=\"5\">Die Fotografie ist seit jeher eine gro\u00dfe Begeisterung. Von den fr\u00fchesten Erinnerungen an die <b>Kodak Instamatic<\/b> bis heute hat diese Kunstform mit all ihren Facetten fasziniert.<\/p>\n<p data-path-to-node=\"6\">Der Weg begann klassisch und analog. Zu den fr\u00fchen Ger\u00e4ten z\u00e4hlte die Kodak Retinette des Vaters. Es folgten erste Schwarz-Wei\u00df-Filmversuche, bei denen bereits mit Rot- oder Gelbfiltern experimentiert wurde. Nach diesen analogen Anf\u00e4ngen erfolgte der Sprung in die digitale Welt mit der Fuji S5000 (3.1 MP).<\/p>\n<p data-path-to-node=\"7\">\u00dcber die Jahre hinweg vertraute die Wahl auf Kameras von Nikon, bis schlie\u00dflich der Umstieg auf das spiegellose System von Olympus erfolgte. Heute nutzt der Fotograf f\u00fcr verschiedene Situationen unterschiedliche Kameras. Auch die analoge Fotografie, das Fotografieren mit Film, ist wieder hochaktuell. Als n\u00e4chster Schritt ist geplant, die Filme selbst zu entwickeln und damit den Kreis der analogen Prozesse zu schlie\u00dfen.<\/p>\n<p>[\/vc_column_text][vc_single_image image=&#8220;1351&#8243; img_size=&#8220;large&#8220; alignment=&#8220;center&#8220; style=&#8220;vc_box_rounded&#8220; css_animation=&#8220;none&#8220; css=&#8220;&#8220;][\/vc_column][\/vc_row]<\/p>\n<\/div>","protected":false},"excerpt":{"rendered":"<p>[vc_row][vc_column][vc_column_text css=&#8220;&#8220;] Die Leidenschaft f\u00fcr die Fotografie: Eine Geschichte meiner Kameras Die Fotografie ist seit jeher eine gro\u00dfe Begeisterung. Von den fr\u00fchesten Erinnerungen an die Kodak Instamatic bis heute hat diese Kunstform mit all ihren Facetten fasziniert. Der Weg begann klassisch und analog. Zu den fr\u00fchen Ger\u00e4ten z\u00e4hlte die Kodak Retinette des Vaters. Es folgten [&hellip;]<\/p>\n","protected":false},"author":1,"featured_media":0,"parent":0,"menu_order":0,"comment_status":"closed","ping_status":"closed","template":"","meta":{"footnotes":""},"class_list":["post-204","page","type-page","status-publish","hentry"],"yoast_head":"<!-- This site is optimized with the Yoast SEO plugin v26.6 - https:\/\/yoast.com\/wordpress\/plugins\/seo\/ -->\n<title>\u00dcber mich - Cello&#039;s Bilderwelten<\/title>\n<meta name=\"description\" content=\"An dieser Stelle m\u00f6chte ich mich vorstellen und meine Passion f\u00fcr die Vielfalt der Gestaltung und der Fotografie bekunden.\" \/>\n<meta name=\"robots\" content=\"index, follow, max-snippet:-1, max-image-preview:large, max-video-preview:-1\" \/>\n<link rel=\"canonical\" href=\"https:\/\/eaudesuisse.ch\/?page_id=204\" \/>\n<meta property=\"og:locale\" content=\"de_DE\" \/>\n<meta property=\"og:type\" content=\"article\" \/>\n<meta property=\"og:title\" content=\"\u00dcber mich - Cello&#039;s Bilderwelten\" \/>\n<meta property=\"og:description\" content=\"An dieser Stelle m\u00f6chte ich mich vorstellen und meine Passion f\u00fcr die Vielfalt der Gestaltung und der Fotografie bekunden.\" \/>\n<meta property=\"og:url\" content=\"https:\/\/eaudesuisse.ch\/?page_id=204\" \/>\n<meta property=\"og:site_name\" content=\"Cello&#039;s Bilderwelten\" \/>\n<meta property=\"article:modified_time\" content=\"2025-12-08T21:52:16+00:00\" \/>\n<meta name=\"twitter:card\" content=\"summary_large_image\" \/>\n<meta name=\"twitter:label1\" content=\"Gesch\u00e4tzte Lesezeit\" \/>\n\t<meta name=\"twitter:data1\" content=\"1\u00a0Minute\" \/>\n<script type=\"application\/ld+json\" class=\"yoast-schema-graph\">{\"@context\":\"https:\/\/schema.org\",\"@graph\":[{\"@type\":\"WebPage\",\"@id\":\"https:\/\/eaudesuisse.ch\/?page_id=204\",\"url\":\"https:\/\/eaudesuisse.ch\/?page_id=204\",\"name\":\"\u00dcber mich - Cello&#039;s Bilderwelten\",\"isPartOf\":{\"@id\":\"https:\/\/eaudesuisse.ch\/#website\"},\"datePublished\":\"2015-07-14T12:01:58+00:00\",\"dateModified\":\"2025-12-08T21:52:16+00:00\",\"description\":\"An dieser Stelle m\u00f6chte ich mich vorstellen und meine Passion f\u00fcr die Vielfalt der Gestaltung und der Fotografie bekunden.\",\"breadcrumb\":{\"@id\":\"https:\/\/eaudesuisse.ch\/?page_id=204#breadcrumb\"},\"inLanguage\":\"de\",\"potentialAction\":[{\"@type\":\"ReadAction\",\"target\":[\"https:\/\/eaudesuisse.ch\/?page_id=204\"]}]},{\"@type\":\"BreadcrumbList\",\"@id\":\"https:\/\/eaudesuisse.ch\/?page_id=204#breadcrumb\",\"itemListElement\":[{\"@type\":\"ListItem\",\"position\":1,\"name\":\"Startseite\",\"item\":\"https:\/\/eaudesuisse.ch\/\"},{\"@type\":\"ListItem\",\"position\":2,\"name\":\"\u00dcber mich\"}]},{\"@type\":\"WebSite\",\"@id\":\"https:\/\/eaudesuisse.ch\/#website\",\"url\":\"https:\/\/eaudesuisse.ch\/\",\"name\":\"Cello's Bilderwelten\",\"description\":\"FotoKunst\",\"potentialAction\":[{\"@type\":\"SearchAction\",\"target\":{\"@type\":\"EntryPoint\",\"urlTemplate\":\"https:\/\/eaudesuisse.ch\/?s={search_term_string}\"},\"query-input\":{\"@type\":\"PropertyValueSpecification\",\"valueRequired\":true,\"valueName\":\"search_term_string\"}}],\"inLanguage\":\"de\"}]}<\/script>\n<!-- \/ Yoast SEO plugin. -->","yoast_head_json":{"title":"\u00dcber mich - Cello&#039;s Bilderwelten","description":"An dieser Stelle m\u00f6chte ich mich vorstellen und meine Passion f\u00fcr die Vielfalt der Gestaltung und der Fotografie bekunden.","robots":{"index":"index","follow":"follow","max-snippet":"max-snippet:-1","max-image-preview":"max-image-preview:large","max-video-preview":"max-video-preview:-1"},"canonical":"https:\/\/eaudesuisse.ch\/?page_id=204","og_locale":"de_DE","og_type":"article","og_title":"\u00dcber mich - Cello&#039;s Bilderwelten","og_description":"An dieser Stelle m\u00f6chte ich mich vorstellen und meine Passion f\u00fcr die Vielfalt der Gestaltung und der Fotografie bekunden.","og_url":"https:\/\/eaudesuisse.ch\/?page_id=204","og_site_name":"Cello&#039;s Bilderwelten","article_modified_time":"2025-12-08T21:52:16+00:00","twitter_card":"summary_large_image","twitter_misc":{"Gesch\u00e4tzte Lesezeit":"1\u00a0Minute"},"schema":{"@context":"https:\/\/schema.org","@graph":[{"@type":"WebPage","@id":"https:\/\/eaudesuisse.ch\/?page_id=204","url":"https:\/\/eaudesuisse.ch\/?page_id=204","name":"\u00dcber mich - Cello&#039;s Bilderwelten","isPartOf":{"@id":"https:\/\/eaudesuisse.ch\/#website"},"datePublished":"2015-07-14T12:01:58+00:00","dateModified":"2025-12-08T21:52:16+00:00","description":"An dieser Stelle m\u00f6chte ich mich vorstellen und meine Passion f\u00fcr die Vielfalt der Gestaltung und der Fotografie bekunden.","breadcrumb":{"@id":"https:\/\/eaudesuisse.ch\/?page_id=204#breadcrumb"},"inLanguage":"de","potentialAction":[{"@type":"ReadAction","target":["https:\/\/eaudesuisse.ch\/?page_id=204"]}]},{"@type":"BreadcrumbList","@id":"https:\/\/eaudesuisse.ch\/?page_id=204#breadcrumb","itemListElement":[{"@type":"ListItem","position":1,"name":"Startseite","item":"https:\/\/eaudesuisse.ch\/"},{"@type":"ListItem","position":2,"name":"\u00dcber mich"}]},{"@type":"WebSite","@id":"https:\/\/eaudesuisse.ch\/#website","url":"https:\/\/eaudesuisse.ch\/","name":"Cello's Bilderwelten","description":"FotoKunst","potentialAction":[{"@type":"SearchAction","target":{"@type":"EntryPoint","urlTemplate":"https:\/\/eaudesuisse.ch\/?s={search_term_string}"},"query-input":{"@type":"PropertyValueSpecification","valueRequired":true,"valueName":"search_term_string"}}],"inLanguage":"de"}]}},"_links":{"self":[{"href":"https:\/\/eaudesuisse.ch\/index.php?rest_route=\/wp\/v2\/pages\/204","targetHints":{"allow":["GET"]}}],"collection":[{"href":"https:\/\/eaudesuisse.ch\/index.php?rest_route=\/wp\/v2\/pages"}],"about":[{"href":"https:\/\/eaudesuisse.ch\/index.php?rest_route=\/wp\/v2\/types\/page"}],"author":[{"embeddable":true,"href":"https:\/\/eaudesuisse.ch\/index.php?rest_route=\/wp\/v2\/users\/1"}],"replies":[{"embeddable":true,"href":"https:\/\/eaudesuisse.ch\/index.php?rest_route=%2Fwp%2Fv2%2Fcomments&post=204"}],"version-history":[{"count":53,"href":"https:\/\/eaudesuisse.ch\/index.php?rest_route=\/wp\/v2\/pages\/204\/revisions"}],"predecessor-version":[{"id":2500,"href":"https:\/\/eaudesuisse.ch\/index.php?rest_route=\/wp\/v2\/pages\/204\/revisions\/2500"}],"wp:attachment":[{"href":"https:\/\/eaudesuisse.ch\/index.php?rest_route=%2Fwp%2Fv2%2Fmedia&parent=204"}],"curies":[{"name":"wp","href":"https:\/\/api.w.org\/{rel}","templated":true}]}}