{"id":1377,"date":"2019-10-04T17:03:10","date_gmt":"2019-10-04T17:03:10","guid":{"rendered":"https:\/\/eaudesuisse.ch\/?page_id=1377"},"modified":"2025-12-08T22:09:26","modified_gmt":"2025-12-08T22:09:26","slug":"the-colors-of-money","status":"publish","type":"page","link":"https:\/\/eaudesuisse.ch\/?page_id=1377","title":{"rendered":"The Colors of Money"},"content":{"rendered":"<div class=\"wpb-content-wrapper\"><p>[vc_row][vc_column][vc_column_text css=&#8220;&#8220;]<\/p>\n<h2 data-path-to-node=\"3\">Die Farben des Geldes (The Colors of Money)<\/h2>\n<h3 data-path-to-node=\"4\">Konzept<\/h3>\n<p data-path-to-node=\"5\">Das Geld steht vor einem Wandel und Kryptow\u00e4hrungen werden als Ersatz in Betracht gezogen. Doch wie viele haben sich jemals die Zeit genommen, unsere Banknoten genauer zu betrachten? Die filigranen Feinheiten, die sich manchmal nur auf einem Zentimeter erstrecken \u2013 Linien, Formen, Wellen, Ornamente. Es sind kleine Kunstwerke.<\/p>\n<p data-path-to-node=\"6\">Die initiale Idee f\u00fcr dieses Projekt entstand w\u00e4hrend der <em><span style=\"color: #ff9900;\"><a style=\"color: #ff9900;\" href=\"https:\/\/eaudesuisse.ch\/?page_id=846\" target=\"_blank\" rel=\"noopener noreferrer\">Makrofotografie<\/a><\/span><\/em>\u00a0von Insekten und Blumen. Aus dieser Faszination heraus wurde entschieden, die aktuelle, neunte Banknotenserie als Sujet zu w\u00e4hlen und Ausschnitte davon in k\u00fcnstlerische Makrofotos umzusetzen. Daraus resultierte ein einzigartiges, bisher so noch nie dagewesenes Projekt mit verschiedenen Sujets und Farben.<\/p>\n<h3 data-path-to-node=\"7\">Vorgehen und Freigabe<\/h3>\n<p data-path-to-node=\"8\">Zuerst wurde der Kontakt mit der Schweizerischen Nationalbank (SNB) aufgenommen. Nach der Unterbreitung der geplanten Sujets f\u00fchrte die Bank Abkl\u00e4rungen bez\u00fcglich des Copyrights der bereits auf den Noten vorhandenen K\u00fcnstlerwerke durch. Die Entw\u00fcrfe wurden gepr\u00fcft und erhielten schliesslich gr\u00fcnes Licht unter der Auflage, dass klar erkennbar bleibt, dass es sich nicht um eine Reproduktion der Geldnoten handelt.<\/p>\n<p data-path-to-node=\"9\">Damit war das Projekt offiziell ins Leben gerufen und konnte der \u00d6ffentlichkeit pr\u00e4sentiert werden.<\/p>\n<h3 data-path-to-node=\"10\">Edition und Pr\u00e4sentation<\/h3>\n<p data-path-to-node=\"11\">Die erste Arbeit, die\u00a0<em><span style=\"color: #ff9900;\"><a style=\"color: #ff9900;\" href=\"https:\/\/eaudesuisse.ch\/?gallery=banknotenprojekt-3er-serie-orange\" target=\"_blank\" rel=\"noopener noreferrer\">&#8222;Orange 3-er Serie&#8220;<\/a><\/span><\/em>, wurde erstmals an der <em><span style=\"color: #ff9900;\"><a style=\"color: #ff9900;\" href=\"https:\/\/eaudesuisse.ch\/?gallery=art-thur-19\" target=\"_blank\" rel=\"noopener noreferrer\">Art-thur 19 <\/a><\/span><\/em>ausgestellt. Die nachfolgenden Galerien zeigen die bisher erstellten Banknoten-Serien.<\/p>\n<ul data-path-to-node=\"12\">\n<li>\n<p data-path-to-node=\"12,0,0\">Die Bilder sind in einem weissen, neutralen Holzrahmen und Passepartout gefasst und haben das Mass 60 x 80 cm.<\/p>\n<\/li>\n<li>\n<p data-path-to-node=\"12,1,0\">Der Druck erfolgt auf<em> <a href=\"https:\/\/www.hahnemuehle.com\/de\/kuenstlerpapiere.html\" target=\"_blank\" rel=\"noopener noreferrer\"><span style=\"color: #ff9900;\">Hahnem\u00fcle Kunstpapier<\/span><\/a><\/em><\/p>\n<\/li>\n<\/ul>\n<ul>\n<li>\n<p data-path-to-node=\"12,2,0\">Jedes Exemplar\/jede Serie besitzt eine limitierte Auflage von 5 St\u00fcck.<\/p>\n<\/li>\n<li>\n<p data-path-to-node=\"12,3,0\">Zu jedem Bild erh\u00e4lt der K\u00e4ufer ein <em><span style=\"color: #ff9900;\"><a style=\"color: #ff9900;\" href=\"https:\/\/www.hahnemuehle.com\/de\/digital-fineart\/schutz-archivierung\/echtheitszertifikat.html\" target=\"_blank\" rel=\"noopener noreferrer\">Hahnem\u00fchle Echtheitszertifikat <\/a><\/span><\/em>in A4 mit einer Seriennummer und Hologramm.<\/p>\n<\/li>\n<\/ul>\n<p>In der folgenden virtuellen Galerie soll aufgezeigt werden, wie die Bilder zu Hause oder in einem B\u00fcro zur Geltung kommen k\u00f6nnten.<\/p>\n<p>&nbsp;[\/vc_column_text][\/vc_column][\/vc_row]<\/p>\n<\/div>","protected":false},"excerpt":{"rendered":"<p>[vc_row][vc_column][vc_column_text css=&#8220;&#8220;] Die Farben des Geldes (The Colors of Money) Konzept Das Geld steht vor einem Wandel und Kryptow\u00e4hrungen werden als Ersatz in Betracht gezogen. Doch wie viele haben sich jemals die Zeit genommen, unsere Banknoten genauer zu betrachten? Die filigranen Feinheiten, die sich manchmal nur auf einem Zentimeter erstrecken \u2013 Linien, Formen, Wellen, Ornamente. [&hellip;]<\/p>\n","protected":false},"author":1,"featured_media":1437,"parent":0,"menu_order":0,"comment_status":"closed","ping_status":"closed","template":"template-gallery.php","meta":{"footnotes":""},"class_list":["post-1377","page","type-page","status-publish","has-post-thumbnail","hentry"],"yoast_head":"<!-- This site is optimized with the Yoast SEO plugin v26.6 - https:\/\/yoast.com\/wordpress\/plugins\/seo\/ -->\n<title>The Colors of Money - Cello&#039;s Bilderwelten<\/title>\n<meta name=\"description\" content=\"Die Farben des Geldes. Diesen Spruch haben wir schon oft vernommen. Aber haben Sie einmal genau hingeschaut. Unser Geld in Makro.\" \/>\n<meta name=\"robots\" content=\"index, follow, max-snippet:-1, max-image-preview:large, max-video-preview:-1\" \/>\n<link rel=\"canonical\" href=\"https:\/\/eaudesuisse.ch\/?page_id=1377\" \/>\n<meta property=\"og:locale\" content=\"de_DE\" \/>\n<meta property=\"og:type\" content=\"article\" \/>\n<meta property=\"og:title\" content=\"The Colors of Money - Cello&#039;s Bilderwelten\" \/>\n<meta property=\"og:description\" content=\"Die Farben des Geldes. Diesen Spruch haben wir schon oft vernommen. Aber haben Sie einmal genau hingeschaut. Unser Geld in Makro.\" \/>\n<meta property=\"og:url\" content=\"https:\/\/eaudesuisse.ch\/?page_id=1377\" \/>\n<meta property=\"og:site_name\" content=\"Cello&#039;s Bilderwelten\" \/>\n<meta property=\"article:modified_time\" content=\"2025-12-08T22:09:26+00:00\" \/>\n<meta property=\"og:image\" content=\"https:\/\/eaudesuisse.ch\/wp-content\/uploads\/2019\/10\/Wohnzimmer-Vorlage-f\u00fcr-Bilder-Art-thur19-10-x-15-f\u00fcr-Flipsteller-alle-Bilder-2-Banknoten-1980-96.jpg\" \/>\n\t<meta property=\"og:image:width\" content=\"1915\" \/>\n\t<meta property=\"og:image:height\" content=\"1281\" \/>\n\t<meta property=\"og:image:type\" content=\"image\/jpeg\" \/>\n<meta name=\"twitter:card\" content=\"summary_large_image\" \/>\n<meta name=\"twitter:label1\" content=\"Gesch\u00e4tzte Lesezeit\" \/>\n\t<meta name=\"twitter:data1\" content=\"2\u00a0Minuten\" \/>\n<script type=\"application\/ld+json\" class=\"yoast-schema-graph\">{\"@context\":\"https:\/\/schema.org\",\"@graph\":[{\"@type\":\"WebPage\",\"@id\":\"https:\/\/eaudesuisse.ch\/?page_id=1377\",\"url\":\"https:\/\/eaudesuisse.ch\/?page_id=1377\",\"name\":\"The Colors of Money - Cello&#039;s Bilderwelten\",\"isPartOf\":{\"@id\":\"https:\/\/eaudesuisse.ch\/#website\"},\"primaryImageOfPage\":{\"@id\":\"https:\/\/eaudesuisse.ch\/?page_id=1377#primaryimage\"},\"image\":{\"@id\":\"https:\/\/eaudesuisse.ch\/?page_id=1377#primaryimage\"},\"thumbnailUrl\":\"https:\/\/eaudesuisse.ch\/wp-content\/uploads\/2019\/10\/Wohnzimmer-Vorlage-f\u00fcr-Bilder-Art-thur19-10-x-15-f\u00fcr-Flipsteller-alle-Bilder-2-Banknoten-1980-96.jpg\",\"datePublished\":\"2019-10-04T17:03:10+00:00\",\"dateModified\":\"2025-12-08T22:09:26+00:00\",\"description\":\"Die Farben des Geldes. Diesen Spruch haben wir schon oft vernommen. Aber haben Sie einmal genau hingeschaut. Unser Geld in Makro.\",\"breadcrumb\":{\"@id\":\"https:\/\/eaudesuisse.ch\/?page_id=1377#breadcrumb\"},\"inLanguage\":\"de\",\"potentialAction\":[{\"@type\":\"ReadAction\",\"target\":[\"https:\/\/eaudesuisse.ch\/?page_id=1377\"]}]},{\"@type\":\"ImageObject\",\"inLanguage\":\"de\",\"@id\":\"https:\/\/eaudesuisse.ch\/?page_id=1377#primaryimage\",\"url\":\"https:\/\/eaudesuisse.ch\/wp-content\/uploads\/2019\/10\/Wohnzimmer-Vorlage-f\u00fcr-Bilder-Art-thur19-10-x-15-f\u00fcr-Flipsteller-alle-Bilder-2-Banknoten-1980-96.jpg\",\"contentUrl\":\"https:\/\/eaudesuisse.ch\/wp-content\/uploads\/2019\/10\/Wohnzimmer-Vorlage-f\u00fcr-Bilder-Art-thur19-10-x-15-f\u00fcr-Flipsteller-alle-Bilder-2-Banknoten-1980-96.jpg\",\"width\":1915,\"height\":1281,\"caption\":\"eaudesuisse hall of frame banknotenprojekt orange 3 bilder\"},{\"@type\":\"BreadcrumbList\",\"@id\":\"https:\/\/eaudesuisse.ch\/?page_id=1377#breadcrumb\",\"itemListElement\":[{\"@type\":\"ListItem\",\"position\":1,\"name\":\"Startseite\",\"item\":\"https:\/\/eaudesuisse.ch\/\"},{\"@type\":\"ListItem\",\"position\":2,\"name\":\"The Colors of Money\"}]},{\"@type\":\"WebSite\",\"@id\":\"https:\/\/eaudesuisse.ch\/#website\",\"url\":\"https:\/\/eaudesuisse.ch\/\",\"name\":\"Cello's Bilderwelten\",\"description\":\"FotoKunst\",\"potentialAction\":[{\"@type\":\"SearchAction\",\"target\":{\"@type\":\"EntryPoint\",\"urlTemplate\":\"https:\/\/eaudesuisse.ch\/?s={search_term_string}\"},\"query-input\":{\"@type\":\"PropertyValueSpecification\",\"valueRequired\":true,\"valueName\":\"search_term_string\"}}],\"inLanguage\":\"de\"}]}<\/script>\n<!-- \/ Yoast SEO plugin. -->","yoast_head_json":{"title":"The Colors of Money - Cello&#039;s Bilderwelten","description":"Die Farben des Geldes. Diesen Spruch haben wir schon oft vernommen. Aber haben Sie einmal genau hingeschaut. Unser Geld in Makro.","robots":{"index":"index","follow":"follow","max-snippet":"max-snippet:-1","max-image-preview":"max-image-preview:large","max-video-preview":"max-video-preview:-1"},"canonical":"https:\/\/eaudesuisse.ch\/?page_id=1377","og_locale":"de_DE","og_type":"article","og_title":"The Colors of Money - Cello&#039;s Bilderwelten","og_description":"Die Farben des Geldes. Diesen Spruch haben wir schon oft vernommen. Aber haben Sie einmal genau hingeschaut. Unser Geld in Makro.","og_url":"https:\/\/eaudesuisse.ch\/?page_id=1377","og_site_name":"Cello&#039;s Bilderwelten","article_modified_time":"2025-12-08T22:09:26+00:00","og_image":[{"width":1915,"height":1281,"url":"https:\/\/eaudesuisse.ch\/wp-content\/uploads\/2019\/10\/Wohnzimmer-Vorlage-f\u00fcr-Bilder-Art-thur19-10-x-15-f\u00fcr-Flipsteller-alle-Bilder-2-Banknoten-1980-96.jpg","type":"image\/jpeg"}],"twitter_card":"summary_large_image","twitter_misc":{"Gesch\u00e4tzte Lesezeit":"2\u00a0Minuten"},"schema":{"@context":"https:\/\/schema.org","@graph":[{"@type":"WebPage","@id":"https:\/\/eaudesuisse.ch\/?page_id=1377","url":"https:\/\/eaudesuisse.ch\/?page_id=1377","name":"The Colors of Money - Cello&#039;s Bilderwelten","isPartOf":{"@id":"https:\/\/eaudesuisse.ch\/#website"},"primaryImageOfPage":{"@id":"https:\/\/eaudesuisse.ch\/?page_id=1377#primaryimage"},"image":{"@id":"https:\/\/eaudesuisse.ch\/?page_id=1377#primaryimage"},"thumbnailUrl":"https:\/\/eaudesuisse.ch\/wp-content\/uploads\/2019\/10\/Wohnzimmer-Vorlage-f\u00fcr-Bilder-Art-thur19-10-x-15-f\u00fcr-Flipsteller-alle-Bilder-2-Banknoten-1980-96.jpg","datePublished":"2019-10-04T17:03:10+00:00","dateModified":"2025-12-08T22:09:26+00:00","description":"Die Farben des Geldes. Diesen Spruch haben wir schon oft vernommen. Aber haben Sie einmal genau hingeschaut. Unser Geld in Makro.","breadcrumb":{"@id":"https:\/\/eaudesuisse.ch\/?page_id=1377#breadcrumb"},"inLanguage":"de","potentialAction":[{"@type":"ReadAction","target":["https:\/\/eaudesuisse.ch\/?page_id=1377"]}]},{"@type":"ImageObject","inLanguage":"de","@id":"https:\/\/eaudesuisse.ch\/?page_id=1377#primaryimage","url":"https:\/\/eaudesuisse.ch\/wp-content\/uploads\/2019\/10\/Wohnzimmer-Vorlage-f\u00fcr-Bilder-Art-thur19-10-x-15-f\u00fcr-Flipsteller-alle-Bilder-2-Banknoten-1980-96.jpg","contentUrl":"https:\/\/eaudesuisse.ch\/wp-content\/uploads\/2019\/10\/Wohnzimmer-Vorlage-f\u00fcr-Bilder-Art-thur19-10-x-15-f\u00fcr-Flipsteller-alle-Bilder-2-Banknoten-1980-96.jpg","width":1915,"height":1281,"caption":"eaudesuisse hall of frame banknotenprojekt orange 3 bilder"},{"@type":"BreadcrumbList","@id":"https:\/\/eaudesuisse.ch\/?page_id=1377#breadcrumb","itemListElement":[{"@type":"ListItem","position":1,"name":"Startseite","item":"https:\/\/eaudesuisse.ch\/"},{"@type":"ListItem","position":2,"name":"The Colors of Money"}]},{"@type":"WebSite","@id":"https:\/\/eaudesuisse.ch\/#website","url":"https:\/\/eaudesuisse.ch\/","name":"Cello's Bilderwelten","description":"FotoKunst","potentialAction":[{"@type":"SearchAction","target":{"@type":"EntryPoint","urlTemplate":"https:\/\/eaudesuisse.ch\/?s={search_term_string}"},"query-input":{"@type":"PropertyValueSpecification","valueRequired":true,"valueName":"search_term_string"}}],"inLanguage":"de"}]}},"_links":{"self":[{"href":"https:\/\/eaudesuisse.ch\/index.php?rest_route=\/wp\/v2\/pages\/1377","targetHints":{"allow":["GET"]}}],"collection":[{"href":"https:\/\/eaudesuisse.ch\/index.php?rest_route=\/wp\/v2\/pages"}],"about":[{"href":"https:\/\/eaudesuisse.ch\/index.php?rest_route=\/wp\/v2\/types\/page"}],"author":[{"embeddable":true,"href":"https:\/\/eaudesuisse.ch\/index.php?rest_route=\/wp\/v2\/users\/1"}],"replies":[{"embeddable":true,"href":"https:\/\/eaudesuisse.ch\/index.php?rest_route=%2Fwp%2Fv2%2Fcomments&post=1377"}],"version-history":[{"count":83,"href":"https:\/\/eaudesuisse.ch\/index.php?rest_route=\/wp\/v2\/pages\/1377\/revisions"}],"predecessor-version":[{"id":2502,"href":"https:\/\/eaudesuisse.ch\/index.php?rest_route=\/wp\/v2\/pages\/1377\/revisions\/2502"}],"wp:featuredmedia":[{"embeddable":true,"href":"https:\/\/eaudesuisse.ch\/index.php?rest_route=\/wp\/v2\/media\/1437"}],"wp:attachment":[{"href":"https:\/\/eaudesuisse.ch\/index.php?rest_route=%2Fwp%2Fv2%2Fmedia&parent=1377"}],"curies":[{"name":"wp","href":"https:\/\/api.w.org\/{rel}","templated":true}]}}