{"id":1324,"date":"2019-09-27T19:44:25","date_gmt":"2019-09-27T19:44:25","guid":{"rendered":"https:\/\/eaudesuisse.ch\/?page_id=1324"},"modified":"2025-12-08T21:03:56","modified_gmt":"2025-12-08T21:03:56","slug":"tiere-cellos-biderwelten","status":"publish","type":"page","link":"https:\/\/eaudesuisse.ch\/?page_id=1324","title":{"rendered":"Tiere"},"content":{"rendered":"<div class=\"wpb-content-wrapper\"><p>[vc_row][vc_column][vc_column_text css=&#8220;&#8220;]<\/p>\n<h2 class=\"has-text-align-center\" style=\"text-align: left;\">Unsere wunderbare und vielf\u00e4tige Tierwelt (Our wonderful and diverse wildlife)<\/h2>\n<h3>Tierfotografie: Begegnungen vor der Kamera<\/h3>\n<p data-path-to-node=\"4\">Neben der Naturfotografie sind die Tiere ein ganz besonderes Thema f\u00fcr mich. Ich bin gerne Tierfotograf, weil jede Begegnung ein Unikat ist. Egal ob es die Ziege auf der Wiese ist, ein Vogel im Garten oder spannende Tiere in einem Park \u2013 ich halte die Augenblicke fest, die mir vor die Linse kommen.<\/p>\n<p data-path-to-node=\"5\">Meine Tierfotografie zeigt die Tiere so, wie sie sind. Mir geht es darum, ihren Charakter und ihre Besonderheiten festzuhalten, ohne viel Aufwand. Ich mache Fotos von gro\u00dfen und kleinen Tieren und versuche, sie in ihrer jeweiligen Umgebung zu zeigen. F\u00fcr mich ist es immer wieder eine Freude, wenn ich ein sch\u00f6nes Tierfoto machen konnte, das seine Neugier, seine Ruhe oder einfach seine Sch\u00f6nheit zeigt.<\/p>\n<p>Meine Philosophie: Respekt und Geduld<\/p>\n<p data-path-to-node=\"7\">Wenn ich Tiere fotografiere, ist mir Respekt sehr wichtig. Ich nutze die Gelegenheiten, die sich mir bieten, und bedr\u00e4nge die Tiere nicht. Es ist eine Frage der Geduld, auf den richtigen Augenblick zu warten, aber das geh\u00f6rt f\u00fcr mich zur Tierfotografie dazu.<\/p>\n<p data-path-to-node=\"8\">Ich fotografiere, wenn ich gerade Zeit habe. Das kann beim Ausflug, im Urlaub oder einfach bei einem Spaziergang sein. Ich verlasse mich auf mein Auge und das Licht, das da ist, und bearbeite die Bilder sp\u00e4ter nur leicht. Ich m\u00f6chte, dass meine Tierbilder authentisch bleiben. Ich hoffe, meine Fotos vermitteln Ihnen ein gutes Gef\u00fchl und zeigen die Lebendigkeit der Tiere.<\/p>\n<p>Was Sie in meiner Galerie finden<\/p>\n<p data-path-to-node=\"10\">Meine Galerie zur Tierfotografie zeigt Ihnen eine bunte Mischung aus meinen Begegnungen. Sie sehen dort ganz unterschiedliche Tiere in verschiedenen Situationen.<\/p>\n<ul data-path-to-node=\"11\">\n<li>\n<p data-path-to-node=\"11,0,0\">Portr\u00e4ts: Nahe Aufnahmen, die den Ausdruck der Tiere einfangen.<\/p>\n<\/li>\n<li>\n<p data-path-to-node=\"11,1,0\">In freier Natur: Tiere in ihrer Umgebung, wie V\u00f6gel oder Rehe.<\/p>\n<\/li>\n<li>\n<p data-path-to-node=\"11,2,0\">Besondere Arten: Spannende Tierfotos von Ausfl\u00fcgen.<\/p>\n<\/li>\n<\/ul>\n\n\n<p>&nbsp;<\/p>\n<p>[\/vc_column_text][\/vc_column][\/vc_row]<\/p>\n<\/div>","protected":false},"excerpt":{"rendered":"<p>[vc_row][vc_column][vc_column_text css=&#8220;&#8220;] Unsere wunderbare und vielf\u00e4tige Tierwelt (Our wonderful and diverse wildlife) Tierfotografie: Begegnungen vor der Kamera Neben der Naturfotografie sind die Tiere ein ganz besonderes Thema f\u00fcr mich. Ich bin gerne Tierfotograf, weil jede Begegnung ein Unikat ist. Egal ob es die Ziege auf der Wiese ist, ein Vogel im Garten oder spannende Tiere [&hellip;]<\/p>\n","protected":false},"author":1,"featured_media":0,"parent":0,"menu_order":0,"comment_status":"closed","ping_status":"closed","template":"template-gallery.php","meta":{"footnotes":""},"class_list":["post-1324","page","type-page","status-publish","hentry"],"yoast_head":"<!-- This site is optimized with the Yoast SEO plugin v26.6 - https:\/\/yoast.com\/wordpress\/plugins\/seo\/ -->\n<title>Tiere - Cello&#039;s Bilderwelten<\/title>\n<meta name=\"robots\" content=\"index, follow, max-snippet:-1, max-image-preview:large, max-video-preview:-1\" \/>\n<link rel=\"canonical\" href=\"https:\/\/eaudesuisse.ch\/?page_id=1324\" \/>\n<meta property=\"og:locale\" content=\"de_DE\" \/>\n<meta property=\"og:type\" content=\"article\" \/>\n<meta property=\"og:title\" content=\"Tiere - Cello&#039;s Bilderwelten\" \/>\n<meta property=\"og:description\" content=\"[vc_row][vc_column][vc_column_text css=&#8220;&#8220;] Unsere wunderbare und vielf\u00e4tige Tierwelt (Our wonderful and diverse wildlife) Tierfotografie: Begegnungen vor der Kamera Neben der Naturfotografie sind die Tiere ein ganz besonderes Thema f\u00fcr mich. Ich bin gerne Tierfotograf, weil jede Begegnung ein Unikat ist. Egal ob es die Ziege auf der Wiese ist, ein Vogel im Garten oder spannende Tiere [&hellip;]\" \/>\n<meta property=\"og:url\" content=\"https:\/\/eaudesuisse.ch\/?page_id=1324\" \/>\n<meta property=\"og:site_name\" content=\"Cello&#039;s Bilderwelten\" \/>\n<meta property=\"article:modified_time\" content=\"2025-12-08T21:03:56+00:00\" \/>\n<meta name=\"twitter:card\" content=\"summary_large_image\" \/>\n<meta name=\"twitter:label1\" content=\"Gesch\u00e4tzte Lesezeit\" \/>\n\t<meta name=\"twitter:data1\" content=\"1\u00a0Minute\" \/>\n<script type=\"application\/ld+json\" class=\"yoast-schema-graph\">{\"@context\":\"https:\/\/schema.org\",\"@graph\":[{\"@type\":\"WebPage\",\"@id\":\"https:\/\/eaudesuisse.ch\/?page_id=1324\",\"url\":\"https:\/\/eaudesuisse.ch\/?page_id=1324\",\"name\":\"Tiere - Cello&#039;s Bilderwelten\",\"isPartOf\":{\"@id\":\"https:\/\/eaudesuisse.ch\/#website\"},\"datePublished\":\"2019-09-27T19:44:25+00:00\",\"dateModified\":\"2025-12-08T21:03:56+00:00\",\"breadcrumb\":{\"@id\":\"https:\/\/eaudesuisse.ch\/?page_id=1324#breadcrumb\"},\"inLanguage\":\"de\",\"potentialAction\":[{\"@type\":\"ReadAction\",\"target\":[\"https:\/\/eaudesuisse.ch\/?page_id=1324\"]}]},{\"@type\":\"BreadcrumbList\",\"@id\":\"https:\/\/eaudesuisse.ch\/?page_id=1324#breadcrumb\",\"itemListElement\":[{\"@type\":\"ListItem\",\"position\":1,\"name\":\"Startseite\",\"item\":\"https:\/\/eaudesuisse.ch\/\"},{\"@type\":\"ListItem\",\"position\":2,\"name\":\"Tiere\"}]},{\"@type\":\"WebSite\",\"@id\":\"https:\/\/eaudesuisse.ch\/#website\",\"url\":\"https:\/\/eaudesuisse.ch\/\",\"name\":\"Cello's Bilderwelten\",\"description\":\"FotoKunst\",\"potentialAction\":[{\"@type\":\"SearchAction\",\"target\":{\"@type\":\"EntryPoint\",\"urlTemplate\":\"https:\/\/eaudesuisse.ch\/?s={search_term_string}\"},\"query-input\":{\"@type\":\"PropertyValueSpecification\",\"valueRequired\":true,\"valueName\":\"search_term_string\"}}],\"inLanguage\":\"de\"}]}<\/script>\n<!-- \/ Yoast SEO plugin. -->","yoast_head_json":{"title":"Tiere - Cello&#039;s Bilderwelten","robots":{"index":"index","follow":"follow","max-snippet":"max-snippet:-1","max-image-preview":"max-image-preview:large","max-video-preview":"max-video-preview:-1"},"canonical":"https:\/\/eaudesuisse.ch\/?page_id=1324","og_locale":"de_DE","og_type":"article","og_title":"Tiere - Cello&#039;s Bilderwelten","og_description":"[vc_row][vc_column][vc_column_text css=&#8220;&#8220;] Unsere wunderbare und vielf\u00e4tige Tierwelt (Our wonderful and diverse wildlife) Tierfotografie: Begegnungen vor der Kamera Neben der Naturfotografie sind die Tiere ein ganz besonderes Thema f\u00fcr mich. Ich bin gerne Tierfotograf, weil jede Begegnung ein Unikat ist. Egal ob es die Ziege auf der Wiese ist, ein Vogel im Garten oder spannende Tiere [&hellip;]","og_url":"https:\/\/eaudesuisse.ch\/?page_id=1324","og_site_name":"Cello&#039;s Bilderwelten","article_modified_time":"2025-12-08T21:03:56+00:00","twitter_card":"summary_large_image","twitter_misc":{"Gesch\u00e4tzte Lesezeit":"1\u00a0Minute"},"schema":{"@context":"https:\/\/schema.org","@graph":[{"@type":"WebPage","@id":"https:\/\/eaudesuisse.ch\/?page_id=1324","url":"https:\/\/eaudesuisse.ch\/?page_id=1324","name":"Tiere - Cello&#039;s Bilderwelten","isPartOf":{"@id":"https:\/\/eaudesuisse.ch\/#website"},"datePublished":"2019-09-27T19:44:25+00:00","dateModified":"2025-12-08T21:03:56+00:00","breadcrumb":{"@id":"https:\/\/eaudesuisse.ch\/?page_id=1324#breadcrumb"},"inLanguage":"de","potentialAction":[{"@type":"ReadAction","target":["https:\/\/eaudesuisse.ch\/?page_id=1324"]}]},{"@type":"BreadcrumbList","@id":"https:\/\/eaudesuisse.ch\/?page_id=1324#breadcrumb","itemListElement":[{"@type":"ListItem","position":1,"name":"Startseite","item":"https:\/\/eaudesuisse.ch\/"},{"@type":"ListItem","position":2,"name":"Tiere"}]},{"@type":"WebSite","@id":"https:\/\/eaudesuisse.ch\/#website","url":"https:\/\/eaudesuisse.ch\/","name":"Cello's Bilderwelten","description":"FotoKunst","potentialAction":[{"@type":"SearchAction","target":{"@type":"EntryPoint","urlTemplate":"https:\/\/eaudesuisse.ch\/?s={search_term_string}"},"query-input":{"@type":"PropertyValueSpecification","valueRequired":true,"valueName":"search_term_string"}}],"inLanguage":"de"}]}},"_links":{"self":[{"href":"https:\/\/eaudesuisse.ch\/index.php?rest_route=\/wp\/v2\/pages\/1324","targetHints":{"allow":["GET"]}}],"collection":[{"href":"https:\/\/eaudesuisse.ch\/index.php?rest_route=\/wp\/v2\/pages"}],"about":[{"href":"https:\/\/eaudesuisse.ch\/index.php?rest_route=\/wp\/v2\/types\/page"}],"author":[{"embeddable":true,"href":"https:\/\/eaudesuisse.ch\/index.php?rest_route=\/wp\/v2\/users\/1"}],"replies":[{"embeddable":true,"href":"https:\/\/eaudesuisse.ch\/index.php?rest_route=%2Fwp%2Fv2%2Fcomments&post=1324"}],"version-history":[{"count":9,"href":"https:\/\/eaudesuisse.ch\/index.php?rest_route=\/wp\/v2\/pages\/1324\/revisions"}],"predecessor-version":[{"id":2486,"href":"https:\/\/eaudesuisse.ch\/index.php?rest_route=\/wp\/v2\/pages\/1324\/revisions\/2486"}],"wp:attachment":[{"href":"https:\/\/eaudesuisse.ch\/index.php?rest_route=%2Fwp%2Fv2%2Fmedia&parent=1324"}],"curies":[{"name":"wp","href":"https:\/\/api.w.org\/{rel}","templated":true}]}}