{"id":1248,"date":"2019-09-21T17:45:26","date_gmt":"2019-09-21T17:45:26","guid":{"rendered":"https:\/\/eaudesuisse.ch\/?page_id=1248"},"modified":"2025-12-08T21:14:05","modified_gmt":"2025-12-08T21:14:05","slug":"die-strassen-erzaehlen-geschichten","status":"publish","type":"page","link":"https:\/\/eaudesuisse.ch\/?page_id=1248","title":{"rendered":"Street Life"},"content":{"rendered":"<div class=\"wpb-content-wrapper\"><p>[vc_row][vc_column][vc_column_text css=&#8220;&#8220;]<\/p>\n\n<h2 class=\"has-text-align-center\" style=\"text-align: left;\">Das Leben in der Strasse ist lebendig, faszinierend, kurios&#8230;(Life in the streets is alive and fascinating, strange and curious&#8230;)<\/h2>\n<h3>Stra\u00dfenfotografie: Das Leben im Augenblick<\/h3>\n<p data-path-to-node=\"3\">Die Stra\u00dfenfotografie ist mein Fenster zur Welt. Ich liebe es, einfach mit der Kamera loszuziehen und das Leben zu beobachten \u2013 die echten, ungestellten Momente. Egal ob in der belebten Innenstadt, an einem ruhigen Strandweg oder in einem Park, \u00fcberall gibt es Geschichten zu entdecken.<\/p>\n<p data-path-to-node=\"4\">Meine Stra\u00dfenfotografie h\u00e4lt fest, was ich gerade sehe. Mir geht es darum, die Stimmung eines Ortes und die Interaktion der Menschen einzufangen, ohne dass sie es merken. Ich fotografiere Passanten, Details und Situationen, die typisch f\u00fcr diesen Ort sind. F\u00fcr mich ist ein gutes Bild dann gelungen, wenn es den Betrachter kurz innehalten l\u00e4sst und er sich fragt, was in diesem Moment wohl passiert ist. Diese Fotos sind Schnappsch\u00fcsse des Alltags.<\/p>\n<h3 data-path-to-node=\"5\">Meine Philosophie: Beobachten und reagieren<\/h3>\n<p data-path-to-node=\"6\">Als Stra\u00dfenfotograf ist mein wichtigstes Werkzeug die Geduld und die F\u00e4higkeit, schnell zu reagieren. Ich mische mich unter die Leute und warte, bis sich ein spannendes Licht, eine lustige Situation oder eine interessante Geste ergibt. Ich verstecke mich dabei nicht, sondern bin einfach ein stiller Beobachter des Geschehens.<\/p>\n<p data-path-to-node=\"7\">Ich nutze die Umgebung, wie sie ist \u2013 harte Schatten, bunte W\u00e4nde, Spiegelungen. Ich mache diese Fotos als reines Hobby, deswegen gibt es keine Regeln, au\u00dfer dass ich respektvoll mit den Menschen umgehe. Diese ungestellte Art der Fotografie ist f\u00fcr mich die ehrlichste und spannendste.<\/p>\n<h3 data-path-to-node=\"8\">Was Sie in meiner Galerie finden<\/h3>\n<p data-path-to-node=\"9\">Meine Galerie zur Stra\u00dfenfotografie zeigt Ihnen eine Sammlung von Momenten aus dem \u00f6ffentlichen Raum. Sie sehen hier das normale Leben in all seinen Facetten:<\/p>\n<ul data-path-to-node=\"10\">\n<li>\n<p data-path-to-node=\"10,0,0\">St\u00e4dtische Szenen: Hektik, Architektur und Kontraste.<\/p>\n<\/li>\n<li>\n<p data-path-to-node=\"10,1,0\">Menschliche Momente<b>:<\/b> Gesten, Mimik und Interaktionen.<\/p>\n<\/li>\n<li>\n<p data-path-to-node=\"10,2,0\">Orte und Atmosph\u00e4re: Die Stimmung verschiedener Pl\u00e4tze und Wege.<\/p>\n<\/li>\n<\/ul>\n<p>Instagram: <span style=\"color: #ff9900;\"><a style=\"color: #ff9900;\" href=\"https:\/\/www.instagram.com\/streetlifephotographer\/?hl=de\" target=\"_blank\" rel=\"noopener noreferrer\"><em>#<\/em><\/a><em><a href=\"https:\/\/www.instagram.com\/streetlifephotographer\/\" target=\"_blank\" rel=\"noreferrer noopener\">streetlifephotographer<\/a><\/em><\/span><\/p>\n\n\n\n<p>&nbsp;<\/p>\n<p>[\/vc_column_text][\/vc_column][\/vc_row]<\/p>\n<\/div>","protected":false},"excerpt":{"rendered":"<p>[vc_row][vc_column][vc_column_text css=&#8220;&#8220;] Das Leben in der Strasse ist lebendig, faszinierend, kurios&#8230;(Life in the streets is alive and fascinating, strange and curious&#8230;) Stra\u00dfenfotografie: Das Leben im Augenblick Die Stra\u00dfenfotografie ist mein Fenster zur Welt. Ich liebe es, einfach mit der Kamera loszuziehen und das Leben zu beobachten \u2013 die echten, ungestellten Momente. Egal ob in der [&hellip;]<\/p>\n","protected":false},"author":1,"featured_media":0,"parent":0,"menu_order":0,"comment_status":"closed","ping_status":"closed","template":"template-gallery.php","meta":{"footnotes":""},"class_list":["post-1248","page","type-page","status-publish","hentry"],"yoast_head":"<!-- This site is optimized with the Yoast SEO plugin v26.6 - https:\/\/yoast.com\/wordpress\/plugins\/seo\/ -->\n<title>Street Life - Cello&#039;s Bilderwelten<\/title>\n<meta name=\"description\" content=\"Egal wo in der Welt, die Strassen erz\u00e4hlen Geschichten. Autos, Motorr\u00e4der, Fahrr\u00e4der, Menschen sind and diesem Ort pr\u00e4sent.\" \/>\n<meta name=\"robots\" content=\"index, follow, max-snippet:-1, max-image-preview:large, max-video-preview:-1\" \/>\n<link rel=\"canonical\" href=\"https:\/\/eaudesuisse.ch\/?page_id=1248\" \/>\n<meta property=\"og:locale\" content=\"de_DE\" \/>\n<meta property=\"og:type\" content=\"article\" \/>\n<meta property=\"og:title\" content=\"Street Life - Cello&#039;s Bilderwelten\" \/>\n<meta property=\"og:description\" content=\"Egal wo in der Welt, die Strassen erz\u00e4hlen Geschichten. Autos, Motorr\u00e4der, Fahrr\u00e4der, Menschen sind and diesem Ort pr\u00e4sent.\" \/>\n<meta property=\"og:url\" content=\"https:\/\/eaudesuisse.ch\/?page_id=1248\" \/>\n<meta property=\"og:site_name\" content=\"Cello&#039;s Bilderwelten\" \/>\n<meta property=\"article:modified_time\" content=\"2025-12-08T21:14:05+00:00\" \/>\n<meta name=\"twitter:card\" content=\"summary_large_image\" \/>\n<meta name=\"twitter:label1\" content=\"Gesch\u00e4tzte Lesezeit\" \/>\n\t<meta name=\"twitter:data1\" content=\"1\u00a0Minute\" \/>\n<script type=\"application\/ld+json\" class=\"yoast-schema-graph\">{\"@context\":\"https:\/\/schema.org\",\"@graph\":[{\"@type\":\"WebPage\",\"@id\":\"https:\/\/eaudesuisse.ch\/?page_id=1248\",\"url\":\"https:\/\/eaudesuisse.ch\/?page_id=1248\",\"name\":\"Street Life - Cello&#039;s Bilderwelten\",\"isPartOf\":{\"@id\":\"https:\/\/eaudesuisse.ch\/#website\"},\"datePublished\":\"2019-09-21T17:45:26+00:00\",\"dateModified\":\"2025-12-08T21:14:05+00:00\",\"description\":\"Egal wo in der Welt, die Strassen erz\u00e4hlen Geschichten. Autos, Motorr\u00e4der, Fahrr\u00e4der, Menschen sind and diesem Ort pr\u00e4sent.\",\"breadcrumb\":{\"@id\":\"https:\/\/eaudesuisse.ch\/?page_id=1248#breadcrumb\"},\"inLanguage\":\"de\",\"potentialAction\":[{\"@type\":\"ReadAction\",\"target\":[\"https:\/\/eaudesuisse.ch\/?page_id=1248\"]}]},{\"@type\":\"BreadcrumbList\",\"@id\":\"https:\/\/eaudesuisse.ch\/?page_id=1248#breadcrumb\",\"itemListElement\":[{\"@type\":\"ListItem\",\"position\":1,\"name\":\"Startseite\",\"item\":\"https:\/\/eaudesuisse.ch\/\"},{\"@type\":\"ListItem\",\"position\":2,\"name\":\"Street Life\"}]},{\"@type\":\"WebSite\",\"@id\":\"https:\/\/eaudesuisse.ch\/#website\",\"url\":\"https:\/\/eaudesuisse.ch\/\",\"name\":\"Cello's Bilderwelten\",\"description\":\"FotoKunst\",\"potentialAction\":[{\"@type\":\"SearchAction\",\"target\":{\"@type\":\"EntryPoint\",\"urlTemplate\":\"https:\/\/eaudesuisse.ch\/?s={search_term_string}\"},\"query-input\":{\"@type\":\"PropertyValueSpecification\",\"valueRequired\":true,\"valueName\":\"search_term_string\"}}],\"inLanguage\":\"de\"}]}<\/script>\n<!-- \/ Yoast SEO plugin. -->","yoast_head_json":{"title":"Street Life - Cello&#039;s Bilderwelten","description":"Egal wo in der Welt, die Strassen erz\u00e4hlen Geschichten. Autos, Motorr\u00e4der, Fahrr\u00e4der, Menschen sind and diesem Ort pr\u00e4sent.","robots":{"index":"index","follow":"follow","max-snippet":"max-snippet:-1","max-image-preview":"max-image-preview:large","max-video-preview":"max-video-preview:-1"},"canonical":"https:\/\/eaudesuisse.ch\/?page_id=1248","og_locale":"de_DE","og_type":"article","og_title":"Street Life - Cello&#039;s Bilderwelten","og_description":"Egal wo in der Welt, die Strassen erz\u00e4hlen Geschichten. Autos, Motorr\u00e4der, Fahrr\u00e4der, Menschen sind and diesem Ort pr\u00e4sent.","og_url":"https:\/\/eaudesuisse.ch\/?page_id=1248","og_site_name":"Cello&#039;s Bilderwelten","article_modified_time":"2025-12-08T21:14:05+00:00","twitter_card":"summary_large_image","twitter_misc":{"Gesch\u00e4tzte Lesezeit":"1\u00a0Minute"},"schema":{"@context":"https:\/\/schema.org","@graph":[{"@type":"WebPage","@id":"https:\/\/eaudesuisse.ch\/?page_id=1248","url":"https:\/\/eaudesuisse.ch\/?page_id=1248","name":"Street Life - Cello&#039;s Bilderwelten","isPartOf":{"@id":"https:\/\/eaudesuisse.ch\/#website"},"datePublished":"2019-09-21T17:45:26+00:00","dateModified":"2025-12-08T21:14:05+00:00","description":"Egal wo in der Welt, die Strassen erz\u00e4hlen Geschichten. Autos, Motorr\u00e4der, Fahrr\u00e4der, Menschen sind and diesem Ort pr\u00e4sent.","breadcrumb":{"@id":"https:\/\/eaudesuisse.ch\/?page_id=1248#breadcrumb"},"inLanguage":"de","potentialAction":[{"@type":"ReadAction","target":["https:\/\/eaudesuisse.ch\/?page_id=1248"]}]},{"@type":"BreadcrumbList","@id":"https:\/\/eaudesuisse.ch\/?page_id=1248#breadcrumb","itemListElement":[{"@type":"ListItem","position":1,"name":"Startseite","item":"https:\/\/eaudesuisse.ch\/"},{"@type":"ListItem","position":2,"name":"Street Life"}]},{"@type":"WebSite","@id":"https:\/\/eaudesuisse.ch\/#website","url":"https:\/\/eaudesuisse.ch\/","name":"Cello's Bilderwelten","description":"FotoKunst","potentialAction":[{"@type":"SearchAction","target":{"@type":"EntryPoint","urlTemplate":"https:\/\/eaudesuisse.ch\/?s={search_term_string}"},"query-input":{"@type":"PropertyValueSpecification","valueRequired":true,"valueName":"search_term_string"}}],"inLanguage":"de"}]}},"_links":{"self":[{"href":"https:\/\/eaudesuisse.ch\/index.php?rest_route=\/wp\/v2\/pages\/1248","targetHints":{"allow":["GET"]}}],"collection":[{"href":"https:\/\/eaudesuisse.ch\/index.php?rest_route=\/wp\/v2\/pages"}],"about":[{"href":"https:\/\/eaudesuisse.ch\/index.php?rest_route=\/wp\/v2\/types\/page"}],"author":[{"embeddable":true,"href":"https:\/\/eaudesuisse.ch\/index.php?rest_route=\/wp\/v2\/users\/1"}],"replies":[{"embeddable":true,"href":"https:\/\/eaudesuisse.ch\/index.php?rest_route=%2Fwp%2Fv2%2Fcomments&post=1248"}],"version-history":[{"count":18,"href":"https:\/\/eaudesuisse.ch\/index.php?rest_route=\/wp\/v2\/pages\/1248\/revisions"}],"predecessor-version":[{"id":2489,"href":"https:\/\/eaudesuisse.ch\/index.php?rest_route=\/wp\/v2\/pages\/1248\/revisions\/2489"}],"wp:attachment":[{"href":"https:\/\/eaudesuisse.ch\/index.php?rest_route=%2Fwp%2Fv2%2Fmedia&parent=1248"}],"curies":[{"name":"wp","href":"https:\/\/api.w.org\/{rel}","templated":true}]}}